{"id":3915,"date":"2024-12-16T23:43:36","date_gmt":"2024-12-16T22:43:36","guid":{"rendered":"https:\/\/www.sr-praezision.de\/?page_id=3915"},"modified":"2024-12-17T00:14:35","modified_gmt":"2024-12-16T23:14:35","slug":"gtc","status":"publish","type":"page","link":"https:\/\/www.sr-praezision.de\/cn\/gtc\/","title":{"rendered":"GTC"},"content":{"rendered":"\n<div class=\"wp-block-uagb-container uagb-block-d1e7fba0 alignfull uagb-is-root-container\"><div class=\"uagb-container-inner-blocks-wrap\">\n<h2 class=\"wp-block-heading\">\u4e00\u822c\u689d\u6b3e\u548c\u689d\u4ef6<\/h2>\n\n\n\n<p>SR Pr\u00e4zision&nbsp;GmbH<br>\u7684\u4e00\u822c\u689d\u6b3e\u548c\u689d\u4ef6<\/p>\n\n\n\n<p>2012\u5e74\u4e5d\u6708\u72c0\u614b<\/p>\n\n\n\n<p>1.\u63a5\u53d7\u4e00\u822c\u689d\u6b3e\u548c\u689d\u4ef6<br>\u6211\u5011\u50c5\u5728\u4ee5\u4e0b\u689d\u4ef6\u7684\u57fa\u790e\u4e0a\u9032\u884c\u4ea4\u4ed8\uff0c\u5373\u5728\u767c\u51fa\u8a02\u55ae\u6642\u8a8d\u5b9a\u662f<br>\u5df2\u88ab\u5b8c\u5168\u63a5\u53d7 \u3002\u9664\u975e\u6211\u5011\u660e\u78ba\u540c\u610f\uff0c\u5ba2\u6236\u7684\u689d\u4ef6\u5c07\u7121\u6709\u4efb\u4f55\u5f71\u97ff\u3002\u5176\u9805\u689d\u4ef6\u53ea\u53ef\u5217\u5165\u6709\u6211\u65b9\u66f8\u9762\u540c\u610f\u7684\u5408\u540c\u5167\u3002<\/p>\n\n\n\n<p>2.\u50f9\u683c<br>\u50f9\u683c\u5168\u4ee5\u6b50\u5143\u800c\u5831\u4f46\u4e0d\u5305\u62ec\u6cd5\u5b9a\u589e\u503c\u7a05\u3002\u9664\u975e\u53e6\u6709\u7d04\u5b9a\uff0c<br>\u8a72\u50f9\u683c\u50c5\u7528\u65bc\u5de5\u7a0b\u800c\u4e0d\u5305\u62ec\u5305\u88dd\u3001\u4fdd\u96aa\u3001\u95dc\u7a05\u7b49\u3002\u9664\u975e\u53e6\u6709\u7d04\u5b9a\uff0c\u6211\u5011\u5c0d\u50f9\u683c\u6c92\u6709\u4efb\u4f55\u7fa9\u52d9\uff0c\u4f46\u6709\u6839\u64da\u4ea4\u8ca8\u7576\u65e5\u7684\u6709\u6548\u50f9\u683c\u800c\u6536\u6b3e\u7684\u9644\u5e36\u689d\u4ef6\u3002\u6a19\u50f9\u5728\u57fa\u672c\u4e0a\u662f\u53c3\u8003\u503c\uff0c\u5373\u7531\u9810\u8a08\u958b\u652f\u6240\u4f5c\u7684\u8a08\u7b97\uff0c \u7136\u800c\u6700\u5f8c\u7684\u5e33\u55ae\u662f\u57fa\u65bc\u5be6\u969b\u8cbb\u7528\u3002<\/p>\n\n\n\n<p>3.\u57f7\u884c\u8a02\u55ae<br>\u6211\u5011\u8a02\u55ae\u8b49\u660e\u7684\u63aa\u8fad\u5c0d\u6211\u5011\u7684\u751f\u7522\u548c\u4ea4\u4ed8\u4f86\u8aaa<br>\u662f\u62b1\u6709\u5168\u6027\u7684\u6b0a\u5a01\u3002\u5982\u679c\u8cfc\u8cb7\u8005\u5728\u5176\u4e2d\u767c\u73fe\u4e0d\u81f4\u4ed6\u610f\u9858\u7684\u932f\u8aa4\uff0c\u4ed6\u5fc5\u9808\u7acb\u523b\u4ee5\u66f8\u9762\u901a\u77e5\u6211\u5011\u3002\u82e5\u9700\u8981\u9032\u884c\u4efb\u4f55\u4e0d\u662f\u6211\u5011\u904e\u932f\u7684\u6539\u8b8a\uff0c<br>\u5ba2\u6236\u61c9\u627f\u64d4\u4efb\u4f55\u7531\u6b64\u800c\u751f\u7684\u8cbb\u7528\u3002\u5ba2\u6236\u6240\u8acb\u6c42\u7684\u66f4\u6539\u5fc5\u9808\u8981\u6709\u6211\u5011\u7684\u66f8\u9762\u8a8d\u5b9a\u624d\u80fd\u7b97\u662f\u6709\u7d04\u675f\u529b\u7684\u3002\u5982\u679c\u5ba2\u6236\u53d6\u6d88\u5df2\u958b\u5de5\u7684\u8a02\u55ae\uff0c\u4ed6\u61c9\u627f\u64d4\u7531\u6b64\u800c\u751f\u3001\u76f4\u5230\u6b64\u523b\u7684\u8cbb\u7528\uff0c\u5e76\u9644\u52a0\u56fa\u5b9a10\uff05\u7684\u6536\u8cbb\u3002\u5ba2\u6236\u61c9\u81ea\u5df1\u6c7a\u5b9a\u662f\u5426\u9700\u8981\u8b49\u660e\u4efb\u4f55\u8f15\u5fae\u7684\u640d\u5bb3\u3002\u6211\u5011\u4fdd\u7559\u5c0d\u91cd\u640d\u5bb3\u8cbb\u7528\u7d22\u8ce0\u7684\u6b0a\u5229\u3002\u5ba2\u6236\u63d0\u4f9b\u76f8\u95dc\u7684<br>1\uff1a1\u5efa\u8a2d\u898f\u5283\u7d66\u6211\u5011\u3002\u4f46\u6211\u5011\u4e0d\u6703\u5c0d\u4efb\u4f55\u4e0d\u662f\u6211\u5011\u81ea\u7522\u6216\u8a2d\u8a08\u7684\u5de5\u5177\u4f5c\u6027\u80fd\u6216\u529f\u80fd\u4fdd\u8b49\u3002\u82e5\u5728\u905e\u4ea4\u8a02\u55ae\u6642\uff0c\u5ba2\u6236\u4e26\u6c92\u6709\u7d66\u6211\u50111\uff1a1\u7684\u793a\u610f\u5716\u6216\u4efb\u4f55\u5176\u4ed6\u95dc\u65bc\u751f\u7522\u904e\u7a0b\u7684\u8cc7\u6599\uff0c\u6211\u5011\u5c07\u81ea\u5df1\u81ea\u7531\u5275\u9020\u200b\u200b\u3002\u7531\u6211\u5011\u6240\u88fd\u76841\uff1a1\u793a\u610f\u5716\u5728\u767c\u7d66\u5ba2\u62363\u9031\u5f8c\u5c07\u8996\u70ba\u5df2\u7372\u6279\u51c6\uff0c\u9664\u975e\u5ba2\u6236\u66fe\u660e\u78ba\u7684\u8868\u793a\u53cd\u5c0d\u30021\uff1a1\u7684\u793a\u610f\u5716\u82e5\u9700\u85cd\u5716\u6216\u526f\u672c \uff0c\u5176\u88fd\u4f5c\u6210\u672c\u5c07\u958b\u7968\u7d66\u5ba2\u6236\u3002\u5ba2\u6236\u63a5\u53d7\u6709\u8d85\u904e\u7d04\u5b9a\u6578\u984d10\uff05\u589e\u91cf\u7684\u751f\u7522\u5dee\u7570\u3002<\/p>\n\n\n\n<p>4.\u4ea4\u8ca8\u6642\u9593<br>\u5f15\u8ff0\u7684\u4ea4\u8ca8\u6642\u9593\u5728\u539f\u5247\u4e0a\u4e0d\u5230\u6211\u5011\u64c1\u6709\u5168\u90e8\u6240\u9700\u7684\u8cc7\u6599\u548c\u5716\u6a23\uff0c\u4e0d\u61c9\u8d77\u6b65\u3002\u5728\u57f7\u884c\u5408\u540c\u671f\u9593\u4e2d\u6240\u767c\u751f\u7684\u6539\u8b8a\u5fc5\u9808\u5c0d\u5546\u5b9a\u7684\u6700\u5f8c\u671f\u9650\u52a0\u5165\u76f8\u61c9\u7684\u5ef6\u9577\u3002\u9664\u975e\u767c\u751f\u4e0d\u53ef\u9810\u898b\u7684\u554f\u984c\u4e4b\u5916\uff0c\u8af8\u5982\u4e0d\u53ef\u6297\u529b\u3001\u52d5\u8ecd\u3001\u6230\u722d\u3001\u66b4\u4e82\u3001\u6545\u969c\u3001\u7f77\u5de5\u7b49\uff0c\u4ea4\u8ca8\u6642\u9593\u5747\u4ee5 86911 Die\u00dfen am Ammersee \u4f5c\u4e3b\u3002\u82e5\u6211\u5011\u81ea\u5df1\u9055\u7d04\uff0c\u8cb7\u65b9\u6709\u6b0a\u5728\u4e00\u500b\u5408\u7406\u7684\u5bec\u9650\u671f\u5167\u5b8c\u6210\u5408\u540c\u4e26\u5728\u904e\u671f\u5f8c\u6c92\u6709\u4efb\u4f55\u8077\u8cac\u7684\u60c5\u6cc1\u4e0b\u64a4\u92b7\u5408\u540c\u3002\u9664\u4e86\u7531\u65bc\u672a\u5c65\u884c\u6216\u9072\u5ef6\u5c65\u884c\u7684\u640d\u5bb3\u8ce0\u511f\u4e4b\u5916, \u4ed6\u7121\u6b0a\u62d2\u7d55\u5c40\u90e8\u5c65\u884c\u3002\u5728\u9762\u81e8\u4e0d\u53ef\u6297\u529b\u6216\u985e\u4f3c\u7684\u60c5\u6cc1\u4e0b\uff0c<br>\u5ba2\u6236\u6709\u6b0a\u5f97\u77e5\u6211\u5011\u662f\u5426\u6253\u7b97\u64a4\u92b7\u8a02\u55ae\u6216\u5728\u9069\u7576\u7684\u6642\u9593\u5167\u5b8c\u6210\u4ea4\u4ed8\u3002\u82e5\u6211\u5011\u6c92\u767c\u51fa\u4efb\u4f55\u89e3\u91cb\uff0c\u8cb7\u65b9\u6709\u64a4\u92b7\u8a02\u55ae\u7684\u6b0a\u5229\u3002<\/p>\n\n\n\n<p>5.\u904b\u8f38\u548c\u88dd\u5378\u7684\u98a8\u96aa<br>\u5728\u79fb\u4ea4\u7d66\u8ca8\u904b\u4ee3\u7406\u3001\u627f\u904b\u4eba\u6216\u6258\u904b\u4eba\u5f8c\uff0c\u6700\u9072\u81f3\u96e2\u958b\u4f9b\u61c9\u5546\u7684\u5de5\u5ee0\u6216\u672c\u516c\u53f8\u6216\u53e6\u4e00\u9593\u516c\u53f8\u7684\u5009\u5eab\u6642\uff0c<br>\u6240\u6709\u610f\u5916\u640d\u5931\u53ca\u610f\u5916\u8ca8\u7269\u60e1\u5316\u7684\u98a8\u96aa\u5168\u8f49\u79fb\u4e88\u5ba2\u6236\uff0c\u9019\u4e5f\u5305\u62ec\u514d\u8cbb\u904b\u9001\u3002\u5df2\u5f85\u767c\u9001\u7684\u5546\u54c1\u5fc5\u9808\u7acb\u5373\u8abf\u7528\u3002\u5982\u679c\u505a\u4e0d\u5230\u9019\u4e00\u9ede\uff0c\u6211\u5011\u6709\u6b0a<br>\u7531\u6211\u5011\u81ea\u5df1\u7684\u5224\u65b7\u5728\u65bc\u8cb7\u65b9\u7684\u8cbb\u7528\u548c\u98a8\u96aa\u4e0a\u5b58\u5132\u5546\u54c1\uff0c\u4e26\u7576\u5b83\u5011\u662f\u5df2\u4ea4\u4ed8\u7684\u4f5c\u54c1\u800c\u767c\u7968\u3002\u514d\u8cbb\u9001\u8ca8\u7e3d\u53ea\u5305\u7f85\u8f38\u9001\u5230\u5ba2\u6236\u6240\u6307\u5b9a\u7684\u6536\u8ca8\u5730\u5740\u7684\u652f\u4ed8\u3002\u82e5\u8cb7\u65b9\u8acb\u6c42\u4e86\u5176\u985e\u7684\u904b\u8f38\u65b9\u5f0f\uff0c\u5982\u679c\u6240\u9700\u8981\u7684\u904b\u8f38\u65b9\u5f0f\u6bd4\u524d\u8a08\u5283\u4e2d\u7684\u904b\u8f38\u65b9\u5f0f\u6210\u672c\u66f4\u9ad8\uff0c\u7279\u5225\u662f\u5feb\u905e\u8ca8\u904b\u3001\u5feb\u905e\u3001\u5361\u8eca\u8ca8\u904b\u7b49\uff0c\u8cb7\u65b9\u61c9\u627f\u64d4\u4efb\u4f55\u8d85\u51fa\u5b9a\u65bc\u8a02\u55ae\u7684\u984d\u5916\u8cbb\u7528\u3002<\/p>\n\n\n\n<p>6.\u7f3a\u9677\u7684\u4fdd\u969c\u548c\u901a\u77e5<br>\u6211\u5011\u4fdd\u8b49\u5f9e\u767c\u8ca8\u65e5\u8d77\u70ba\u671f\u516d\u500b\u6708\u7684\u5b8c\u7f8e\u4ea4\u8ca8\u3002\u6b64\u4fdd\u8b49\u4e0d\u5305\u62ec\u6240\u6709\u8868\u9762\u8655\u7406\uff0c\u4f8b\u5982\u6cb9\u6f06\u5857\u5c64\u3001\u934d\u927b\u3001\u934d\u93b3\u3001\u5857\u5c64\u7b49\uff0c\u4e0d\u8ad6\u662f\u5168\u9762\u548c\u55ae\u4ef6\u3002\u82e5\u6211\u5011\u5b89\u88dd\u7b2c\u4e09\u8005\u7684\u7522\u54c1\uff0c\u6211\u5011\u5c0d\u9019\u4e9b\u5143\u4ef6\u53ea\u627f\u64d4\u76f8\u540c\u6211\u5011\u7684\u4f9b\u61c9\u5546\u7d66\u4e88\u6211\u5011\u7684\u4fdd\u8b49\u3002\u5728\u5de5\u4f5c\u200b\u200b\u5408\u540c\u7684\u60c5\u6cc1\u4e0b\uff0c\u6211\u5011\u53ea\u8ca0\u8cac\u9054\u81f3\u5de5\u8cc7\u7684\u6578\u984d\uff0c \u800c\u6392\u9664\u4efb\u4f55\u5176\u4ed6\u5ba3\u7a31\u3002\u8cac\u4efb\u50c5\u9650\u65bc\u91cd\u5927\u904e\u5931\u6216\u6545\u610f\u4e0d\u7576\u884c\u70ba\u3002\u5728\u6536\u8ca8\u5f8c\u5982\u6709\u767c\u73fe\u4efb\u4f55\u7f3a\u9677, \u5ba2\u6236\u5fc5\u9808\u7acb\u5373\u66f8\u9762\u901a\u77e5SR PR\u00c4ZISION OHG \u3002\u5728\u6b64\u671f\u9593\u6216\u4fdd\u4fee\u671f\u5167\u51fa\u73fe\u7684\u7121\u6cd5\u6aa2\u6e2c\u7684\u7f3a\u9677\uff0c\u5373\u4f7f\u66fe\u6709\u7d93\u904e\u5fb9\u5e95\u7684\u6aa2\u67e5\uff0c \u61c9\u7576\u767c\u73fe\u5f8c\u7acb\u5373\u4e0a\u5831\u4ee5\u907f\u514d\u640d\u5931\u7d22\u8ce0\u7684\u6a5f\u6703\u3002<\/p>\n\n\n\n<p>\u5ba2\u6236\u7684\u64d4\u4fdd\u5728\u6211\u5011\u62d2\u7d55\u7d22\u8ce0\u7684\u4e00\u500b\u6708\u5f8c\u5230\u671f\u3002\u82e5\u6211\u5011\u4e0d\u80fd\u6539\u6574\u4e00\u500b\u6709\u7f3a\u9677\u7684\u8ca8\u7269\uff0c\u60a8\u53ef\u9000\u56de\u5b83\u4ee5\u66ff\u63db\u4e00\u500b\u5168\u65b0\u5b8c\u7f8e\u7684\u5546\u54c1\u3002\u53e6\u5916\uff0c\u6211\u5011\u9084\u53ef\u4ee5\u5f4c\u88dc\u6298\u820a\u50f9\u503c\u3002\u8cb7\u65b9\u6216\u7b2c\u4e09\u8005\u90fd\u6c92\u6709\u8cc7\u683c\u5c0d\u672a\u7d93\u6211\u5011\u8a31\u53ef\u4e2d\u4fee\u88dc\u4efb\u4f55\u7f3a\u9677\u6240\u62db\u81f4\u7684\u8cbb\u7528\u7372\u5f97\u8ce0\u511f\u3002\u4e0d\u80fd\u5c0d\u6211\u5011\u8981\u6c42\u8207\u6295\u8a34\u6709\u95dc\u7684\u8ce0\u511f\u6216\u8cbb\u7528\uff0c\u5c24\u5176\u662f\u88dd\u914d\u548c\u62c6\u5378\u4e4b\u985e\u7684\u984d\u5916\u652f\u4ed8\u3002\u4e5f\u4e0d\u80fd\u5411\u6211\u5011\u6536\u53d6\u7531\u88fd\u9020\u5546<br>\u70ba\u4e86\u6f84\u6e05\u7f3a\u9677\u6216\u62c6\u5378\u904e\u5931\u800c\u4ea4\u4ed8\u7684\u5de5\u8cc7\u548c\u65c5\u8cbb\u3002<\/p>\n\n\n\n<p>7.\u4ed8\u6b3e\u65b9\u5f0f<br>\u6bcf\u500b\u8a02\u55ae\u90fd\u9808\u9075\u7167\u5b9a\u65bc<br>\u6211\u5011\u8a02\u55ae\u6216\u767c\u7968\u7684\u4ed8\u6b3e\u65b9\u5f0f\u3002\u6253\u6298\u671f\u5f9e\u767c\u7968\u65e5\u671f\u958b\u59cb\u3002\u6211\u5011\u50c5\u6388\u4e88\u6307\u5b9a\u767e\u5206\u6bd4\u7684\u6298\u6263\u3002\u5728\u6298\u6263\u7684\u60c5\u6cc1\u4e0b\u6240\u652f\u4ed8\u7684\u91d1\u984d\u5fc5\u9808\u5728\u4e0d\u9072\u65bc\u512a\u60e0\u671f\u7d50\u675f\u6642\u8cb8\u5165\u6211\u5011\u7684\u9280\u884c\u3002\u552f\u6709\u5408\u6cd5\u7684\u53cd\u8a34\u624d\u80fd\u62b5\u6d88\u767c\u7968\u7684\u91d1\u984d\u3002\u6211\u5011\u4e0d\u63a5\u53d7\u5b58\u6b3e\u4e0d\u8db3\u7684\u532f\u7968\u548c\u652f\u7968\u3002\u56e0\u6b64\u50b3\u5165\u7684\u7968\u64da\u548c\u652f\u7968\u7684\u4fe1\u8cb8\u662f\u50c5\u7b49\u4e8e\u61c9\u8a72\u6536\u5230\u7684\u91d1\u984d\u3002\u9055\u7d04\u5229\u606f\u7684\u5229\u7387\u61c9\u7167\u8d85\u8d8a\u6b50\u6d32\u4e2d\u592e\u9280\u884c\u7576\u524d\u7684\u57fa\u6e96\u5229\u7387\u4e4b\u4e0a5\uff05\u4f86\u8a08\u7b97\u3002\u82e5\u5728\u80af\u5b9a\u8a02\u55ae\u5f8c\u6211\u5011\u610f\u8b58\u5230\u8cb7\u65b9\u7684\u4fe1\u8cb8\u6709\u53d7\u4eba\u8cea\u7591\u7684\u60c5\u6cc1\uff0c\u6211\u5011<br>\u5247\u6709\u6b0a\u8981\u6c42\u9810\u5148\u4ed8\u6b3e\u4ea4\u8ca8\u3002\u82e5\u7576\u8981\u6c42\u5f8c\u8cb7\u65b9\u672a\u5728\u6cd5\u5b9a\u671f\u9650\u5167\u9810\u5148\u4ed8\u6b3e\uff0c\u6211\u5011\u5247\u6709\u6b0a\u64a4\u92b7\u5408\u540c\u3002\u7531\u8cb7\u65b9\u7684\u758f\u5ffd\u800c\u5c0e\u81f4\u7684\u640d\u5931\u7d22\u8ce0\u4ecd\u5728\u5408\u540c\u8a02\u671f\u5f8c\u4fdd\u7559\u3002<\/p>\n\n\n\n<p>8.\u4fdd\u7559\u64c1\u6709\u6b0a<br>\u76f4\u5230\u6700\u5f8c\u4ed8\u6b3e\uff0c\u5df2\u4ea4\u4ed8\u7684\u8ca8\u7269\u4ecd\u662f\u6211\u5011\u7684\u8ca1\u7269\u3002\u6211\u5011<br>\u4e0d\u80fd\u56e0\u8cb7\u65b9\u7684\u4ed8\u6b3e\u800c\u5931\u53bb\u7b26\u5408\u5176\u63a1\u8cfc\u50f9\u683c\u7684\u64c1\u6709\u6b0a\u3002\u6b64\u9805\u5728\u76f4\u5230\u6211\u5011\u6240\u6709\u5404\u500b\u92b7\u552e\u5e33\u6236\u90fd\u5df2\u8db3\u984d\u524d\u4ecd\u7136\u6709\u6548\u3002\u8cb7\u65b9\u627f\u8afe\u5728\u4ed8\u6e05\u8cfc\u8cb7\u50f9\u6b3e\u524d<br>\u5c07\u4e0d\u4ee5\u51fa\u552e\u3001\u5178\u7576\u3001\u51fa\u79df\u6216\u5176\u4ed6\u65b9\u5f0f\u812b\u624b\u8ca8\u7269\u3002<\/p>\n\n\n\n<p>8.1.\u5ef6\u9577\u4fdd\u7559\u64c1\u6709\u6b0a<br>\u8f49\u552e\u689d\u6b3e\uff1a<br>\u8cb7\u65b9\u6709\u6b0a\u5728\u6b63\u5e38\u696d\u52d9\u904e\u7a0b\u4e2d\u51fa\u552e\u6211\u5011\u7684\u5099\u7528\u8ca8\u7269\u3002\u8cb7\u65b9\u7279\u6b64\u5c07\u4e8b\u5148\u7d66\u4e88\u6211\u5011\u5411\u7b2c\u4e09\u8005\u7d22\u8ce0\u6bcf\u500b\u767c\u7968\u91d1\u984d\uff08\u52a0\u542b\u589e\u503c\u7a05\uff09\u7684\u6b0a\u5229\u3002\u7121\u8996\u9019\u9805\u8f49\u8b93\uff0c\u8cb7\u65b9\u4ecd\u6709\u6b0a\u6536\u50b5\u3002\u52a0\u5de5\u689d\u6b3e\uff1a\u53ea\u6709\u6211\u5011\u80fd\u5920\u9032\u884c\u7531\u8cb7\u65b9\u5c0d\u6211\u5011\u8ca8\u7269\u6240\u4f5c\u7684\u52a0\u5de5\u548c\u6539\u8b8a\u3002\u7576\u52a0\u5de5\u904e\u7a0b\u5f71\u97ff\u5230\u5176\u4ed6\u4e0d\u5c6c\u65bc\u6211\u5011\u7684\u8ca8\u7269\u6642\uff0c\u6211\u5011\u5c07\u6709\u65b0\u8ca8\u7269\u7684\u64c1\u6709\u6b0a\uff0c\u6309\u7167\u6211\u5011\u5099\u7528\u8ca8\u7269\u7684\u767c\u7968\u91d1\u984d\u5c0d\u5176\u4ed6\u8ca8\u7269\uff08\u5728\u52a0\u5de5\u6642\uff09\u7684\u63a1\u8cfc\u50f9\u683c\u4f5c\u6bd4\u4f8b\u8a08\u7b97\u3002<\/p>\n\n\n\n<p>10.\u6027\u80fd\u5730\u662f86911 Die\u00dfen am Ammersee<\/p>\n\n\n\n<p>11.\u7ba1\u8f44\u5730\u662f86899 Landsberg am Lech.<\/p>\n\n\n\n<p>SR Pr\u00e4zision&nbsp;GmbH<br>Lachener Stra\u00dfe 2<br>86911 Die\u00dfen am Ammersee<\/p>\n<\/div><\/div>\n","protected":false},"excerpt":{"rendered":"<p> [&hellip;]<\/p>\n","protected":false},"author":4,"featured_media":0,"parent":0,"menu_order":0,"comment_status":"closed","ping_status":"closed","template":"","meta":{"_uag_custom_page_level_css":"","site-sidebar-layout":"default","site-content-layout":"","ast-site-content-layout":"default","site-content-style":"default","site-sidebar-style":"default","ast-global-header-display":"","ast-banner-title-visibility":"","ast-main-header-display":"","ast-hfb-above-header-display":"","ast-hfb-below-header-display":"","ast-hfb-mobile-header-display":"","site-post-title":"disabled","ast-breadcrumbs-content":"","ast-featured-img":"","footer-sml-layout":"","ast-disable-related-posts":"","theme-transparent-header-meta":"","adv-header-id-meta":"","stick-header-meta":"","header-above-stick-meta":"","header-main-stick-meta":"","header-below-stick-meta":"","astra-migrate-meta-layouts":"set","ast-page-background-enabled":"default","ast-page-background-meta":{"desktop":{"background-color":"","background-image":"","background-repeat":"repeat","background-position":"center center","background-size":"auto","background-attachment":"scroll","background-type":"","background-media":"","overlay-type":"","overlay-color":"","overlay-opacity":"","overlay-gradient":""},"tablet":{"background-color":"","background-image":"","background-repeat":"repeat","background-position":"center center","background-size":"auto","background-attachment":"scroll","background-type":"","background-media":"","overlay-type":"","overlay-color":"","overlay-opacity":"","overlay-gradient":""},"mobile":{"background-color":"","background-image":"","background-repeat":"repeat","background-position":"center center","background-size":"auto","background-attachment":"scroll","background-type":"","background-media":"","overlay-type":"","overlay-color":"","overlay-opacity":"","overlay-gradient":""}},"ast-content-background-meta":{"desktop":{"background-color":"var(--ast-global-color-5)","background-image":"","background-repeat":"repeat","background-position":"center center","background-size":"auto","background-attachment":"scroll","background-type":"","background-media":"","overlay-type":"","overlay-color":"","overlay-opacity":"","overlay-gradient":""},"tablet":{"background-color":"var(--ast-global-color-5)","background-image":"","background-repeat":"repeat","background-position":"center center","background-size":"auto","background-attachment":"scroll","background-type":"","background-media":"","overlay-type":"","overlay-color":"","overlay-opacity":"","overlay-gradient":""},"mobile":{"background-color":"var(--ast-global-color-5)","background-image":"","background-repeat":"repeat","background-position":"center center","background-size":"auto","background-attachment":"scroll","background-type":"","background-media":"","overlay-type":"","overlay-color":"","overlay-opacity":"","overlay-gradient":""}},"footnotes":""},"class_list":["post-3915","page","type-page","status-publish","hentry"],"uagb_featured_image_src":{"full":false,"thumbnail":false,"medium":false,"medium_large":false,"large":false,"1536x1536":false,"2048x2048":false},"uagb_author_info":{"display_name":"mfaender","author_link":"https:\/\/www.sr-praezision.de\/cn\/author\/mfaender\/"},"uagb_comment_info":0,"uagb_excerpt":"[&hellip;]","_links":{"self":[{"href":"https:\/\/www.sr-praezision.de\/cn\/wp-json\/wp\/v2\/pages\/3915","targetHints":{"allow":["GET"]}}],"collection":[{"href":"https:\/\/www.sr-praezision.de\/cn\/wp-json\/wp\/v2\/pages"}],"about":[{"href":"https:\/\/www.sr-praezision.de\/cn\/wp-json\/wp\/v2\/types\/page"}],"author":[{"embeddable":true,"href":"https:\/\/www.sr-praezision.de\/cn\/wp-json\/wp\/v2\/users\/4"}],"replies":[{"embeddable":true,"href":"https:\/\/www.sr-praezision.de\/cn\/wp-json\/wp\/v2\/comments?post=3915"}],"version-history":[{"count":2,"href":"https:\/\/www.sr-praezision.de\/cn\/wp-json\/wp\/v2\/pages\/3915\/revisions"}],"predecessor-version":[{"id":3948,"href":"https:\/\/www.sr-praezision.de\/cn\/wp-json\/wp\/v2\/pages\/3915\/revisions\/3948"}],"wp:attachment":[{"href":"https:\/\/www.sr-praezision.de\/cn\/wp-json\/wp\/v2\/media?parent=3915"}],"curies":[{"name":"wp","href":"https:\/\/api.w.org\/{rel}","templated":true}]}}