{"id":3776,"date":"2024-12-16T22:16:16","date_gmt":"2024-12-16T21:16:16","guid":{"rendered":"https:\/\/www.sr-praezision.de\/?page_id=3776"},"modified":"2025-08-11T16:32:18","modified_gmt":"2025-08-11T14:32:18","slug":"imprint","status":"publish","type":"page","link":"https:\/\/www.sr-praezision.de\/en\/imprint\/","title":{"rendered":"Imprint"},"content":{"rendered":"\n<div class=\"wp-block-uagb-container uagb-block-52807fd8 alignfull uagb-is-root-container\"><div class=\"uagb-container-inner-blocks-wrap\">\n<h1 class=\"wp-block-heading\">Imprint<\/h1>\n\n\n\n<p>SR Pr\u00e4zision &amp; Industrieteilevertrieb OHG<br>Lachener Stra\u00dfe 2<br>D-86911 Die\u00dfen<\/p>\n\n\n\n<p>Represented by:<br>Mr Ren\u00e9 Roth<\/p>\n\n\n\n<p>Contact:<br>Telephone +49 (0) 8807 241<br>Telefax +49 (0) 8807 8250<br>E-mail: info@sr-praezision.de<\/p>\n\n\n\n<p>Entry in Commercial Register<br>Registry court: Amtsgericht Augsburg<br>Registration number: HRA 16751<\/p>\n\n\n\n<p>Value added tax identification number in accordance with \u00a727 a German VAT Act:<br>DE267134251<\/p>\n\n\n\n<p>Responsible for the content:<br>Ren\u00e9 Roth, rr@sr-praezision.de<\/p>\n\n\n\n<p>Specification of sources for the various images and graphics:<br>Ren\u00e9 Roth; Matthias F\u00e4nder; FotolEdhar, psdesign1, popkolor, photosoup, Vadimsadovski \u00a9 Fotolia.com<\/p>\n\n\n\n<p><strong>Disclaimer<\/strong><\/p>\n\n\n\n<p>Liability for content<br>As a service provider we are responsible for our own content on these pages under the general laws according to \u00a7 7 paragraph 1 of TMG (German Telemedia Act). In accordance with \u00a7\u00a7 8 to 10 TMG, however, we are not obliged as a service provider to monitor transmitted or stored foreign information or to investigate circumstances which indicate illegal activity. Obligations to remove or block the use of information under the general laws remain unaffected. A relevant liability is, however, only possible from the date of knowledge of a concrete infringement. Upon becoming aware of such infringements, we will remove the relevant content immediately.<\/p>\n\n\n\n<p>Liability for links<br>Our offer contains links to external third party websites over which we have no control. Therefore we cannot assume any guarantee for these foreign contents either. The respective provider or operator of the pages is responsible for the content of linked sites at all times. The linked sites were checked for possible legal violations at the time of linking. Illegal content was not recognizable at the time of linking. A permanent control of the linked pages is unreasonable without concrete evidence of a violation. Upon becoming aware of violations, we will remove such links immediately.<\/p>\n\n\n\n<p>Copyright<br>The contents and works on these pages created by the site operator are subject to German copyright. Reproduction, processing, distribution and any kind of exploitation outside the limits of copyright require the written consent of the author or creator involved in each case. Downloads and copies of these pages are only permitted for private, non-commercial use. Insofar as the content is not created by the website operator, the copyrights of third parties are respected. Third party content, in particular, is identified as such.<\/p>\n\n\n\n<p>Should you nevertheless become aware of copyright infringement, we kindly request corresponding notification. Upon becoming aware of violations, we will remove such content immediately.<\/p>\n<\/div><\/div>\n","protected":false},"excerpt":{"rendered":"<p> [&hellip;]<\/p>\n","protected":false},"author":4,"featured_media":0,"parent":0,"menu_order":0,"comment_status":"closed","ping_status":"closed","template":"","meta":{"_uag_custom_page_level_css":"","site-sidebar-layout":"default","site-content-layout":"","ast-site-content-layout":"default","site-content-style":"default","site-sidebar-style":"default","ast-global-header-display":"","ast-banner-title-visibility":"","ast-main-header-display":"","ast-hfb-above-header-display":"","ast-hfb-below-header-display":"","ast-hfb-mobile-header-display":"","site-post-title":"disabled","ast-breadcrumbs-content":"","ast-featured-img":"","footer-sml-layout":"","ast-disable-related-posts":"","theme-transparent-header-meta":"","adv-header-id-meta":"","stick-header-meta":"","header-above-stick-meta":"","header-main-stick-meta":"","header-below-stick-meta":"","astra-migrate-meta-layouts":"set","ast-page-background-enabled":"default","ast-page-background-meta":{"desktop":{"background-color":"","background-image":"","background-repeat":"repeat","background-position":"center center","background-size":"auto","background-attachment":"scroll","background-type":"","background-media":"","overlay-type":"","overlay-color":"","overlay-opacity":"","overlay-gradient":""},"tablet":{"background-color":"","background-image":"","background-repeat":"repeat","background-position":"center center","background-size":"auto","background-attachment":"scroll","background-type":"","background-media":"","overlay-type":"","overlay-color":"","overlay-opacity":"","overlay-gradient":""},"mobile":{"background-color":"","background-image":"","background-repeat":"repeat","background-position":"center center","background-size":"auto","background-attachment":"scroll","background-type":"","background-media":"","overlay-type":"","overlay-color":"","overlay-opacity":"","overlay-gradient":""}},"ast-content-background-meta":{"desktop":{"background-color":"var(--ast-global-color-5)","background-image":"","background-repeat":"repeat","background-position":"center center","background-size":"auto","background-attachment":"scroll","background-type":"","background-media":"","overlay-type":"","overlay-color":"","overlay-opacity":"","overlay-gradient":""},"tablet":{"background-color":"var(--ast-global-color-5)","background-image":"","background-repeat":"repeat","background-position":"center center","background-size":"auto","background-attachment":"scroll","background-type":"","background-media":"","overlay-type":"","overlay-color":"","overlay-opacity":"","overlay-gradient":""},"mobile":{"background-color":"var(--ast-global-color-5)","background-image":"","background-repeat":"repeat","background-position":"center center","background-size":"auto","background-attachment":"scroll","background-type":"","background-media":"","overlay-type":"","overlay-color":"","overlay-opacity":"","overlay-gradient":""}},"footnotes":""},"class_list":["post-3776","page","type-page","status-publish","hentry"],"uagb_featured_image_src":{"full":false,"thumbnail":false,"medium":false,"medium_large":false,"large":false,"1536x1536":false,"2048x2048":false},"uagb_author_info":{"display_name":"mfaender","author_link":"https:\/\/www.sr-praezision.de\/en\/author\/mfaender\/"},"uagb_comment_info":0,"uagb_excerpt":"[&hellip;]","_links":{"self":[{"href":"https:\/\/www.sr-praezision.de\/en\/wp-json\/wp\/v2\/pages\/3776","targetHints":{"allow":["GET"]}}],"collection":[{"href":"https:\/\/www.sr-praezision.de\/en\/wp-json\/wp\/v2\/pages"}],"about":[{"href":"https:\/\/www.sr-praezision.de\/en\/wp-json\/wp\/v2\/types\/page"}],"author":[{"embeddable":true,"href":"https:\/\/www.sr-praezision.de\/en\/wp-json\/wp\/v2\/users\/4"}],"replies":[{"embeddable":true,"href":"https:\/\/www.sr-praezision.de\/en\/wp-json\/wp\/v2\/comments?post=3776"}],"version-history":[{"count":3,"href":"https:\/\/www.sr-praezision.de\/en\/wp-json\/wp\/v2\/pages\/3776\/revisions"}],"predecessor-version":[{"id":4071,"href":"https:\/\/www.sr-praezision.de\/en\/wp-json\/wp\/v2\/pages\/3776\/revisions\/4071"}],"wp:attachment":[{"href":"https:\/\/www.sr-praezision.de\/en\/wp-json\/wp\/v2\/media?parent=3776"}],"curies":[{"name":"wp","href":"https:\/\/api.w.org\/{rel}","templated":true}]}}